{"id":4763,"date":"2020-10-24T17:55:54","date_gmt":"2020-10-24T15:55:54","guid":{"rendered":"https:\/\/a3space.org\/?page_id=4763"},"modified":"2022-05-14T18:49:06","modified_gmt":"2022-05-14T16:49:06","slug":"mali-losinj","status":"publish","type":"page","link":"https:\/\/staging.a3space.org\/?page_id=4763","title":{"rendered":"Mali Lo\u0161inj"},"content":{"rendered":"<p><\/p>\n<p style=\"text-align: justify;\">Sekcija svemirske tehnologije osnovana je u travnju 2019 s glavnom motivacijom da je letjeti i dohvatiti <img loading=\"lazy\" class=\"size-medium wp-image-4108 alignleft\" src=\"https:\/\/staging.a3space.org\/wp-content\/uploads\/2019\/10\/sekcija-ml-300x225.jpg\" alt=\"\" width=\"300\" height=\"225\" srcset=\"https:\/\/staging.a3space.org\/wp-content\/uploads\/2019\/10\/sekcija-ml-300x225.jpg 300w, https:\/\/staging.a3space.org\/wp-content\/uploads\/2019\/10\/sekcija-ml-768x576.jpg 768w, https:\/\/staging.a3space.org\/wp-content\/uploads\/2019\/10\/sekcija-ml-1024x768.jpg 1024w\" sizes=\"(max-width: 300px) 100vw, 300px\" \/>zvijezde jedan od najve\u0107ih poticaja ma\u0161tanju i kreativnosti a \u201esvemir\u201c je klju\u010dna rije\u010d koja to objedinjuje. Poticanje kreativnosti u smjeru svemirskih aktivnosti rezultira mnogim uspjesima istra\u017eivanju svemira ali i u razvoju materijalne strane civilizacije. Inicijativa A3 o osnivanju Sekcija za svemirsku tehnologiju pri srednjim \u0161kolama imala je upravu tu ambiciju da se u\u010denici upoznaju kako neka svoja ma\u0161tanja mogu ostvariti. Me\u0111utim ta je inicijativa rezultirala i s potpuno drugom svrhom, resocijalizacija djece s problemati\u010dnim pona\u0161anjem. Taj je smjer aktivnosti uo\u010dio Damir Preksavec, nastavnik pri Odgojnom Domu Mali Lo\u0161inj koji ima internu strukovnu \u0161kolu pod okriljem Centra odgoja i obrazovanja i djeluje od osnutka Doma 1952 godine, osnovav\u0161i Sekciju svemirske tehnologije.\u00a0 U\u010denici, polaznici ove \u0161kole su djeca koja dolaze\u00a0 iz cijele Hrvatske.<\/p>\n<p style=\"text-align: justify;\">Prema rije\u010dima Damira Preksavca Sekcija za svemirsku tehnologiju poma\u017ee njegovim u\u010denicima u procesu resocijalizacije u\u010de\u0107i ih kompetencijama iz podru\u010dja strojarstva, elektrotehnike, informatike i ostalih me\u0111u-predmetnih tema .<\/p>\n<p style=\"text-align: justify;\">Sekciju redovito poha\u0111a desetak u\u010denika\u00a0 i svjesni smo da na\u0161i u\u010denici nisu zainteresirani za znanstveni rad .Zato smo naglasak dali na prakti\u010dni rad poti\u010du\u0107i kreativnost u\u010denika koja je svakako va\u017ena za razvoj svemirskih tehnologija.<\/p>\n<p><a href=\"https:\/\/staging.a3space.org\/?page_id=4105\"><strong>O \u0161koli<\/strong><\/a><\/p>\n<h2 style=\"text-align: center;\"><strong>Aktivnosti<\/strong><\/h2>\n<p><img loading=\"lazy\" class=\"size-medium wp-image-4112 alignleft\" src=\"https:\/\/staging.a3space.org\/wp-content\/uploads\/2019\/10\/slu\u0161atelji-300x300.jpg\" alt=\"\" width=\"300\" height=\"300\" srcset=\"https:\/\/staging.a3space.org\/wp-content\/uploads\/2019\/10\/slu\u0161atelji-300x300.jpg 300w, https:\/\/staging.a3space.org\/wp-content\/uploads\/2019\/10\/slu\u0161atelji-150x150.jpg 150w, https:\/\/staging.a3space.org\/wp-content\/uploads\/2019\/10\/slu\u0161atelji-1024x1019.jpg 1024w, https:\/\/staging.a3space.org\/wp-content\/uploads\/2019\/10\/slu\u0161atelji-100x100.jpg 100w, https:\/\/staging.a3space.org\/wp-content\/uploads\/2019\/10\/slu\u0161atelji.jpg 1600w\" sizes=\"(max-width: 300px) 100vw, 300px\" \/>28.10.2019 &#8211; po\u010detak serije seminara na temu satelita, autor Damir Preksavec.<\/p>\n<p><a href=\"https:\/\/staging.a3space.org\/wp-content\/uploads\/2019\/10\/SVEMIRSKA-TEHNOLOGIJA.pdf\"><strong>Prezentacija<\/strong><\/a><\/p>\n<p>&nbsp;<\/p>\n<p>&nbsp;<\/p>\n<p>&nbsp;<\/p>\n<p>&nbsp;<\/p>\n<p>&nbsp;<\/p>\n<p><img loading=\"lazy\" class=\"size-medium wp-image-4770 alignleft\" src=\"https:\/\/staging.a3space.org\/wp-content\/uploads\/2020\/10\/OneWeb-satelit-1-300x169.jpg\" alt=\"\" width=\"300\" height=\"169\" srcset=\"https:\/\/staging.a3space.org\/wp-content\/uploads\/2020\/10\/OneWeb-satelit-1-300x169.jpg 300w, https:\/\/staging.a3space.org\/wp-content\/uploads\/2020\/10\/OneWeb-satelit-1-1024x576.jpg 1024w, https:\/\/staging.a3space.org\/wp-content\/uploads\/2020\/10\/OneWeb-satelit-1-768x432.jpg 768w, https:\/\/staging.a3space.org\/wp-content\/uploads\/2020\/10\/OneWeb-satelit-1.jpg 1280w\" sizes=\"(max-width: 300px) 100vw, 300px\" \/><strong>One Web satelit<br \/>\n<\/strong>autor Damir Preksavec.<br \/>\nlistopad, 2020<\/p>\n<p><a href=\"https:\/\/staging.a3space.org\/wp-content\/uploads\/2020\/10\/OneWeb-satelit.pdf\"><strong>Prezentacija<\/strong><\/a><\/p>\n<p>&nbsp;<\/p>\n<p>&nbsp;<\/p>\n<p><strong><img loading=\"lazy\" class=\"size-medium wp-image-4780 alignleft\" src=\"https:\/\/staging.a3space.org\/wp-content\/uploads\/2020\/11\/STARENJE-Zemlja-vs.-Svemir-300x169.jpg\" alt=\"\" width=\"300\" height=\"169\" srcset=\"https:\/\/staging.a3space.org\/wp-content\/uploads\/2020\/11\/STARENJE-Zemlja-vs.-Svemir-300x169.jpg 300w, https:\/\/staging.a3space.org\/wp-content\/uploads\/2020\/11\/STARENJE-Zemlja-vs.-Svemir-1024x576.jpg 1024w, https:\/\/staging.a3space.org\/wp-content\/uploads\/2020\/11\/STARENJE-Zemlja-vs.-Svemir-768x432.jpg 768w, https:\/\/staging.a3space.org\/wp-content\/uploads\/2020\/11\/STARENJE-Zemlja-vs.-Svemir.jpg 1280w\" sizes=\"(max-width: 300px) 100vw, 300px\" \/><br \/>\n<\/strong>autor Damir Preksavec.<br \/>\nstudeni, 2020<\/p>\n<p><a href=\"https:\/\/staging.a3space.org\/wp-content\/uploads\/2020\/11\/STARENJE-Zemlja-vs.-Svemir.pdf\"><strong>Prezentacija<\/strong><\/a><\/p>","protected":false},"excerpt":{"rendered":"<p>Sekcija svemirske tehnologije osnovana je u travnju 2019 s glavnom motivacijom da je letjeti i dohvatiti zvijezde jedan od najve\u0107ih poticaja ma\u0161tanju i kreativnosti a \u201esvemir\u201c je klju\u010dna rije\u010d koja to objedinjuje. Poticanje kreativnosti u smjeru svemirskih aktivnosti rezultira mnogim uspjesima istra\u017eivanju svemira ali i u razvoju materijalne strane civilizacije. Inicijativa A3 o osnivanju Sekcija &hellip; <\/p>\n<p class=\"link-more\"><a href=\"https:\/\/staging.a3space.org\/?page_id=4763\" class=\"more-link\">Continue reading<span class=\"screen-reader-text\"> &#8220;Mali Lo\u0161inj&#8221;<\/span><\/a><\/p>\n","protected":false},"author":7,"featured_media":0,"parent":0,"menu_order":0,"comment_status":"closed","ping_status":"closed","template":"","meta":[],"_links":{"self":[{"href":"https:\/\/staging.a3space.org\/index.php?rest_route=\/wp\/v2\/pages\/4763"}],"collection":[{"href":"https:\/\/staging.a3space.org\/index.php?rest_route=\/wp\/v2\/pages"}],"about":[{"href":"https:\/\/staging.a3space.org\/index.php?rest_route=\/wp\/v2\/types\/page"}],"author":[{"embeddable":true,"href":"https:\/\/staging.a3space.org\/index.php?rest_route=\/wp\/v2\/users\/7"}],"replies":[{"embeddable":true,"href":"https:\/\/staging.a3space.org\/index.php?rest_route=%2Fwp%2Fv2%2Fcomments&post=4763"}],"version-history":[{"count":12,"href":"https:\/\/staging.a3space.org\/index.php?rest_route=\/wp\/v2\/pages\/4763\/revisions"}],"predecessor-version":[{"id":5337,"href":"https:\/\/staging.a3space.org\/index.php?rest_route=\/wp\/v2\/pages\/4763\/revisions\/5337"}],"wp:attachment":[{"href":"https:\/\/staging.a3space.org\/index.php?rest_route=%2Fwp%2Fv2%2Fmedia&parent=4763"}],"curies":[{"name":"wp","href":"https:\/\/api.w.org\/{rel}","templated":true}]}}